{"id":1006,"date":"2023-04-12T23:44:30","date_gmt":"2023-04-12T16:14:30","guid":{"rendered":"http:\/\/inredep.com.vn\/en\/?post_type=product&#038;p=1006"},"modified":"2024-12-26T21:12:25","modified_gmt":"2024-12-26T13:42:25","slug":"carrier-plastic-bags","status":"publish","type":"product","link":"https:\/\/hanoiplasticbag.com\/en\/product\/carrier-plastic-bags\/","title":{"rendered":"Carrier plastic bags"},"content":{"rendered":"<p><strong>Carrier plastic bag\u00a0\u2013 Hanoi Plastic Bag\u00a0\u2013 Vietnam plastic bag manufacturer<\/strong><\/p>\n<p>Material: HDPE, green<\/p>\n<p>Size: (25.5+13)x44 cm, 20 mic<\/p>\n<p>Print: 1 color 2 sides<\/p>\n<p>All specifications are customized<\/p>\n<p>Usage: T-shirt bag can be the best solution of packaging for supermarket, shop, self-employed and household.<\/p>\n<p>Payment: in cash, T\/T or LC at sight, irrevocable<\/p>\n<p>Currency: USD, Euro, VND, GBP, \u2026<\/p>\n","protected":false},"excerpt":{"rendered":"<ul>\n<li class=\"p-code\"><span class=\"code-unknown\">K\u1ef9 thu\u1eadt in:<\/span>\u00a0Digital\/Offset<\/li>\n<li class=\"p-code\"><span class=\"code-unknown\">Ch\u1ea5t li\u1ec7u:<\/span> Nh\u1ef1a PPC, PPE<\/li>\n<li>\u0110\u1ecbnh l\u01b0\u1ee3ng:<\/li>\n<li>K\u00edch th\u01b0\u1edbc: theo y\u00eau c\u1ea7u<\/li>\n<li>S\u1ed1 l\u01b0\u1ee3ng: nh\u1eadn theo y\u00eau c\u1ea7u<\/li>\n<li class=\"p-code\"><span class=\"code-unknown\">K\u1ef9 thu\u1eadt gia c\u00f4ng:<\/span>\u00a0C\u1eaft, b\u1ebf d\u00e1n th\u00e0nh ph\u1ea9m, c\u00e1n b\u00f3ng, c\u00e1n m\u1edd, s\u01a1n UV, d\u1eadp n\u1ed5i theo y\u00eau c\u1ea7u<\/li>\n<li class=\"p-code\"><\/li>\n<\/ul>\n","protected":false},"featured_media":2630,"comment_status":"open","ping_status":"closed","template":"","meta":[],"product_brand":[],"product_cat":[162],"product_tag":[187],"class_list":{"0":"post-1006","1":"product","2":"type-product","3":"status-publish","4":"has-post-thumbnail","6":"product_cat-t-shirt-plastic-bags","7":"product_tag-tem-nhan-nhua-trong","8":"entry","9":"clearfix","10":"hocwp-post","11":"author-","12":"has-excerpt","14":"first","15":"instock","16":"shipping-taxable","17":"purchasable","18":"product-type-simple"},"aioseo_notices":[],"_links":{"self":[{"href":"https:\/\/hanoiplasticbag.com\/en\/wp-json\/wp\/v2\/product\/1006","targetHints":{"allow":["GET"]}}],"collection":[{"href":"https:\/\/hanoiplasticbag.com\/en\/wp-json\/wp\/v2\/product"}],"about":[{"href":"https:\/\/hanoiplasticbag.com\/en\/wp-json\/wp\/v2\/types\/product"}],"replies":[{"embeddable":true,"href":"https:\/\/hanoiplasticbag.com\/en\/wp-json\/wp\/v2\/comments?post=1006"}],"wp:featuredmedia":[{"embeddable":true,"href":"https:\/\/hanoiplasticbag.com\/en\/wp-json\/wp\/v2\/media\/2630"}],"wp:attachment":[{"href":"https:\/\/hanoiplasticbag.com\/en\/wp-json\/wp\/v2\/media?parent=1006"}],"wp:term":[{"taxonomy":"product_brand","embeddable":true,"href":"https:\/\/hanoiplasticbag.com\/en\/wp-json\/wp\/v2\/product_brand?post=1006"},{"taxonomy":"product_cat","embeddable":true,"href":"https:\/\/hanoiplasticbag.com\/en\/wp-json\/wp\/v2\/product_cat?post=1006"},{"taxonomy":"product_tag","embeddable":true,"href":"https:\/\/hanoiplasticbag.com\/en\/wp-json\/wp\/v2\/product_tag?post=1006"}],"curies":[{"name":"wp","href":"https:\/\/api.w.org\/{rel}","templated":true}]}}