{"id":1324,"date":"2023-05-25T12:12:37","date_gmt":"2023-05-25T04:42:37","guid":{"rendered":"http:\/\/inredep.com.vn\/en\/?post_type=product&#038;p=1324"},"modified":"2025-01-07T15:01:26","modified_gmt":"2025-01-07T07:31:26","slug":"clear-food-wrap","status":"publish","type":"product","link":"https:\/\/hanoiplasticbag.com\/en\/product\/clear-food-wrap\/","title":{"rendered":"Clear food wrap"},"content":{"rendered":"<p data-sourcepos=\"3:1-3:29\"><strong>Brand: Hanoi Plastic Bags<\/strong><\/p>\n<p data-sourcepos=\"5:1-5:85\"><strong>Material:<\/strong> Blend (likely referring to a combination of plastics like polyethylene)<\/p>\n<p data-sourcepos=\"7:1-7:35\"><strong>Product Dimensions:<\/strong> 43&#8243;L x 36&#8243;W<\/p>\n<p data-sourcepos=\"9:1-9:51\"><strong>Color:<\/strong> Multi (This likely means they are clear)<\/p>\n<p data-sourcepos=\"11:1-11:28\"><strong>Item Weight:<\/strong> 16.8 Pounds<\/p>\n<p data-sourcepos=\"13:1-13:19\"><strong>About this item<\/strong><\/p>\n<ul data-sourcepos=\"15:1-20:0\">\n<li data-sourcepos=\"15:1-15:147\"><strong>Protect Your Pallets:<\/strong> These large gusseted poly bags are ideal for covering and protecting pallets of goods during storage or transportation.<\/li>\n<li data-sourcepos=\"16:1-16:107\"><strong>Moisture Barrier:<\/strong> Line large cartons with these bags to safeguard your products from moisture damage.<\/li>\n<li data-sourcepos=\"17:1-17:117\"><strong>Dust and Dirt Protection:<\/strong> The bags create a protective barrier against dirt and dust, keeping your items clean.<\/li>\n<li data-sourcepos=\"18:1-18:93\"><strong>Convenient Usage:<\/strong> Pre-cut and perforated on a roll for easy dispensing and application.<\/li>\n<li data-sourcepos=\"19:1-20:0\"><strong>Clear Visibility:<\/strong> The clear poly material allows for easy inspection of the pallet contents without removing the cover.<\/li>\n<\/ul>\n","protected":false},"excerpt":{"rendered":"<ul>\n<li class=\"p-code\"><span class=\"code-unknown\">K\u1ef9 thu\u1eadt in:<\/span>\u00a0Digital\/Offset<\/li>\n<li class=\"p-code\"><span class=\"code-unknown\">Ch\u1ea5t li\u1ec7u gi\u1ea5y:<\/span> nh\u1ef1a trong, nh\u1ef1a \u0111\u1ee5c<\/li>\n<li>\u0110\u1ecbnh l\u01b0\u1ee3ng: t\u1eeb 70 \u0111\u1ebfn 400 gsm<\/li>\n<li>K\u00edch th\u01b0\u1edbc: theo y\u00eau c\u1ea7u<\/li>\n<li>S\u1ed1 l\u01b0\u1ee3ng: nh\u1eadn theo y\u00eau c\u1ea7u<\/li>\n<li>X\u1ecf d\u00e2y x\u00e1ch th\u01b0\u1eddng ( d\u00e2y d\u00f9 ), d\u00e2y xo\u1eafn th\u1eebng, d\u00e2y l\u1ee5a, d\u00e2y gi\u1ea5y,&#8230;<\/li>\n<li class=\"p-code\"><span class=\"code-unknown\">K\u1ef9 thu\u1eadt gia c\u00f4ng:<\/span>\u00a0C\u1eaft, b\u1ebf d\u00e1n th\u00e0nh ph\u1ea9m, c\u00e1n b\u00f3ng, c\u00e1n m\u1edd, s\u01a1n UV, d\u1eadp n\u1ed5i theo y\u00eau c\u1ea7u<\/li>\n<\/ul>\n","protected":false},"featured_media":2956,"comment_status":"open","ping_status":"closed","template":"","meta":[],"product_brand":[],"product_cat":[144],"product_tag":[185],"class_list":{"0":"post-1324","1":"product","2":"type-product","3":"status-publish","4":"has-post-thumbnail","6":"product_cat-shrink-films-stretch-film","7":"product_tag-the-treo-nhua","8":"entry","9":"clearfix","10":"hocwp-post","11":"author-","12":"has-excerpt","14":"first","15":"instock","16":"shipping-taxable","17":"purchasable","18":"product-type-simple"},"aioseo_notices":[],"_links":{"self":[{"href":"https:\/\/hanoiplasticbag.com\/en\/wp-json\/wp\/v2\/product\/1324","targetHints":{"allow":["GET"]}}],"collection":[{"href":"https:\/\/hanoiplasticbag.com\/en\/wp-json\/wp\/v2\/product"}],"about":[{"href":"https:\/\/hanoiplasticbag.com\/en\/wp-json\/wp\/v2\/types\/product"}],"replies":[{"embeddable":true,"href":"https:\/\/hanoiplasticbag.com\/en\/wp-json\/wp\/v2\/comments?post=1324"}],"wp:featuredmedia":[{"embeddable":true,"href":"https:\/\/hanoiplasticbag.com\/en\/wp-json\/wp\/v2\/media\/2956"}],"wp:attachment":[{"href":"https:\/\/hanoiplasticbag.com\/en\/wp-json\/wp\/v2\/media?parent=1324"}],"wp:term":[{"taxonomy":"product_brand","embeddable":true,"href":"https:\/\/hanoiplasticbag.com\/en\/wp-json\/wp\/v2\/product_brand?post=1324"},{"taxonomy":"product_cat","embeddable":true,"href":"https:\/\/hanoiplasticbag.com\/en\/wp-json\/wp\/v2\/product_cat?post=1324"},{"taxonomy":"product_tag","embeddable":true,"href":"https:\/\/hanoiplasticbag.com\/en\/wp-json\/wp\/v2\/product_tag?post=1324"}],"curies":[{"name":"wp","href":"https:\/\/api.w.org\/{rel}","templated":true}]}}