{"id":903,"date":"2023-04-11T13:55:46","date_gmt":"2023-04-11T13:55:46","guid":{"rendered":"http:\/\/inredep.com.vn\/en\/?post_type=product&#038;p=903"},"modified":"2025-01-07T00:08:35","modified_gmt":"2025-01-06T16:38:35","slug":"jumbo-bag","status":"publish","type":"product","link":"https:\/\/hanoiplasticbag.com\/en\/product\/jumbo-bag\/","title":{"rendered":"Jumbo bag"},"content":{"rendered":"<div class=\"horizontal-scroll-wrapper\">\n<div class=\"table-block-component\">\n<div class=\"table-block\">\n<div class=\"table-content not-end-of-paragraph\">\n<p data-sourcepos=\"18:1-18:16\"><strong>Description:<\/strong><\/p>\n<p data-sourcepos=\"20:1-20:402\">PP woven bags (also called Woven polypropylene bags) are one of the most popular bag types within the retail industry. PP woven bags are reusable, eco-friendly, eye-catching printed, lightweight, exceptionally strong, perfect for heavy loads and long-term use. The PP woven bag can have an extra plastic layer with a BOPP lamination film. This laminated film makes the bag waterproof and easy to clean.<\/p>\n<p data-sourcepos=\"22:1-22:195\">PP woven bags are an ideal alternative to disposable plastic shopping bags and are perfect for grocery retailers and promotional companies. These bags are easy to produce at a competitive price.<\/p>\n<table data-sourcepos=\"3:1-16:127\">\n<tbody>\n<tr data-sourcepos=\"3:1-3:25\">\n<th data-sourcepos=\"3:1-3:9\">Feature<\/th>\n<th data-sourcepos=\"3:11-3:23\">Description<\/th>\n<\/tr>\n<tr data-sourcepos=\"5:1-5:31\">\n<td data-sourcepos=\"5:1-5:14\"><strong>Bag Type<\/strong><\/td>\n<td data-sourcepos=\"5:16-5:29\">Shopping Bag<\/td>\n<\/tr>\n<tr data-sourcepos=\"6:1-6:30\">\n<td data-sourcepos=\"6:1-6:15\"><strong>Thickness<\/strong><\/td>\n<td data-sourcepos=\"6:17-6:28\">Customized<\/td>\n<\/tr>\n<tr data-sourcepos=\"7:1-7:25\">\n<td data-sourcepos=\"7:1-7:10\"><strong>Size<\/strong><\/td>\n<td data-sourcepos=\"7:12-7:23\">Customized<\/td>\n<\/tr>\n<tr data-sourcepos=\"8:1-8:34\">\n<td data-sourcepos=\"8:1-8:14\"><strong>Material<\/strong><\/td>\n<td data-sourcepos=\"8:16-8:32\">PP Woven Fabric<\/td>\n<\/tr>\n<tr data-sourcepos=\"9:1-9:44\">\n<td data-sourcepos=\"9:1-9:11\"><strong>Color<\/strong><\/td>\n<td data-sourcepos=\"9:13-9:42\">Any color the customer wants<\/td>\n<\/tr>\n<tr data-sourcepos=\"10:1-10:61\">\n<td data-sourcepos=\"10:1-10:21\"><strong>Printing Method<\/strong><\/td>\n<td data-sourcepos=\"10:23-10:59\">Offset Printing; Laminated Printing<\/td>\n<\/tr>\n<tr data-sourcepos=\"11:1-11:102\">\n<td data-sourcepos=\"11:1-11:15\"><strong>Packaging<\/strong><\/td>\n<td data-sourcepos=\"11:17-11:100\">100pcs\/polybag\/ctn; 5pcs\/OPP 100pcs\/ctn or Customized packing as customer\u2019s demand<\/td>\n<\/tr>\n<tr data-sourcepos=\"12:1-12:93\">\n<td data-sourcepos=\"12:1-12:21\"><strong>Place of Origin<\/strong><\/td>\n<td data-sourcepos=\"12:23-12:91\">Vietnam (We have EUFTA, AAFTA so free import tax to many countries)<\/td>\n<\/tr>\n<tr data-sourcepos=\"13:1-13:96\">\n<td data-sourcepos=\"13:1-13:14\"><strong>Features<\/strong><\/td>\n<td data-sourcepos=\"13:16-13:94\">Durable &amp; Reusable, Heavy Duty, Eco Friendly, Water-proof, Large Capacity<\/td>\n<\/tr>\n<tr data-sourcepos=\"14:1-14:59\">\n<td data-sourcepos=\"14:1-14:11\"><strong>Usage<\/strong><\/td>\n<td data-sourcepos=\"14:13-14:57\">Promotional \/ Shopping \/ Packing \/ Gift Bag<\/td>\n<\/tr>\n<tr data-sourcepos=\"15:1-15:25\">\n<td data-sourcepos=\"15:1-15:9\"><strong>MOQ<\/strong><\/td>\n<td data-sourcepos=\"15:11-15:23\">100.000 pcs<\/td>\n<\/tr>\n<tr data-sourcepos=\"16:1-16:127\">\n<td data-sourcepos=\"16:1-16:15\"><strong>Lead Time<\/strong><\/td>\n<td data-sourcepos=\"16:17-16:125\">Container 20GP: 28-30 days (After sample approval)&lt;br&gt;Container 40GP: 30-35 days (After Sample approval)<\/td>\n<\/tr>\n<\/tbody>\n<\/table>\n<\/div>\n<div class=\"table-footer hide-from-message-actions ng-star-inserted\"><\/div>\n<\/div>\n<\/div>\n<\/div>\n","protected":false},"excerpt":{"rendered":"<ul>\n<li class=\"p-code\"><span class=\"code-unknown\">K\u1ef9 thu\u1eadt in:<\/span>\u00a0Digital\/Offset<\/li>\n<li class=\"p-code\"><span class=\"code-unknown\">Ch\u1ea5t li\u1ec7u:<\/span> Gi\u1ea5y duplex<\/li>\n<li>\u0110\u1ecbnh l\u01b0\u1ee3ng: theo y\u00eau c\u1ea7u<\/li>\n<li>K\u00edch th\u01b0\u1edbc: theo y\u00eau c\u1ea7u<\/li>\n<li>S\u1ed1 l\u01b0\u1ee3ng: nh\u1eadn theo y\u00eau c\u1ea7u<\/li>\n<li>L\u1eafp v\u00e0 \u0111\u00e1y h\u1ed9p: theo y\u00eau c\u1ea7u<\/li>\n<li class=\"p-code\"><span class=\"code-unknown\">K\u1ef9 thu\u1eadt gia c\u00f4ng:<\/span>\u00a0C\u1eaft, b\u1ebf d\u00e1n th\u00e0nh ph\u1ea9m, c\u00e1n b\u00f3ng, c\u00e1n m\u1edd, s\u01a1n UV, d\u1eadp n\u1ed5i theo y\u00eau c\u1ea7u<\/li>\n<li>S\u1ea3n ph\u1ea9m th\u01b0\u1eddng \u0111\u01b0\u1ee3c s\u1eed d\u1ee5ng trong c\u00e1c l\u0129nh v\u1ef1c: \u0111\u00f3ng g\u00f3i th\u1ef1c ph\u1ea9m, \u0111\u1ed3 u\u1ed1ng, s\u1ea3n ph\u1ea9m y t\u1ebf, s\u1eefa t\u1eafm, d\u1ea7u g\u1ed9i v\u00e0 c\u00e1c s\u1ea3n ph\u1ea9m ch\u0103m s\u00f3c c\u00e1 nh\u00e2n kh\u00e1c,&#8230;<\/li>\n<\/ul>\n","protected":false},"featured_media":2926,"comment_status":"open","ping_status":"closed","template":"","meta":[],"product_brand":[],"product_cat":[127],"product_tag":[200],"class_list":{"0":"post-903","1":"product","2":"type-product","3":"status-publish","4":"has-post-thumbnail","6":"product_cat-pp-woven-non-woven-bags","7":"product_tag-tem-nhan-my-pham","8":"entry","9":"clearfix","10":"hocwp-post","11":"author-","12":"has-excerpt","14":"first","15":"instock","16":"shipping-taxable","17":"purchasable","18":"product-type-simple"},"aioseo_notices":[],"_links":{"self":[{"href":"https:\/\/hanoiplasticbag.com\/en\/wp-json\/wp\/v2\/product\/903","targetHints":{"allow":["GET"]}}],"collection":[{"href":"https:\/\/hanoiplasticbag.com\/en\/wp-json\/wp\/v2\/product"}],"about":[{"href":"https:\/\/hanoiplasticbag.com\/en\/wp-json\/wp\/v2\/types\/product"}],"replies":[{"embeddable":true,"href":"https:\/\/hanoiplasticbag.com\/en\/wp-json\/wp\/v2\/comments?post=903"}],"wp:featuredmedia":[{"embeddable":true,"href":"https:\/\/hanoiplasticbag.com\/en\/wp-json\/wp\/v2\/media\/2926"}],"wp:attachment":[{"href":"https:\/\/hanoiplasticbag.com\/en\/wp-json\/wp\/v2\/media?parent=903"}],"wp:term":[{"taxonomy":"product_brand","embeddable":true,"href":"https:\/\/hanoiplasticbag.com\/en\/wp-json\/wp\/v2\/product_brand?post=903"},{"taxonomy":"product_cat","embeddable":true,"href":"https:\/\/hanoiplasticbag.com\/en\/wp-json\/wp\/v2\/product_cat?post=903"},{"taxonomy":"product_tag","embeddable":true,"href":"https:\/\/hanoiplasticbag.com\/en\/wp-json\/wp\/v2\/product_tag?post=903"}],"curies":[{"name":"wp","href":"https:\/\/api.w.org\/{rel}","templated":true}]}}